{"id":15,"date":"2025-02-08T13:36:18","date_gmt":"2025-02-08T13:36:18","guid":{"rendered":"https:\/\/gefiont.eu\/about\/"},"modified":"2026-04-30T08:10:07","modified_gmt":"2026-04-30T08:10:07","slug":"about","status":"publish","type":"page","link":"https:\/\/gefiont.eu\/de\/about\/","title":{"rendered":"\u00dcber mich"},"content":{"rendered":"<div class=\"wp-block-group alignfull has-foreground-background-color has-background has-global-padding is-layout-constrained wp-block-group-is-layout-constrained\" style=\"margin-top:0;margin-bottom:0;padding-top:0;padding-bottom:0\">\n<div class=\"wp-block-group alignwide has-global-padding is-layout-constrained wp-block-group-is-layout-constrained\" style=\"padding-top:var(--wp--preset--spacing--30);padding-bottom:var(--wp--preset--spacing--30)\">\n<h1 class=\"wp-block-heading alignwide\" style=\"font-size:clamp(27.894px, 1.743rem + ((1vw - 3.2px) * 2.094), 48px);line-height:1.1\"><strong><mark style=\"background-color:rgba(0, 0, 0, 0)\" class=\"has-inline-color has-background-color\">\u00dcber mich<\/mark><\/strong><\/h1>\n<\/div>\n<\/div>\n\n\n\n<div class=\"wp-block-group alignfull has-tertiary-background-color has-background has-global-padding is-layout-constrained wp-container-core-group-is-layout-7276a2bb wp-block-group-is-layout-constrained\" id=\"about\" style=\"margin-top:0;margin-bottom:0;padding-top:var(--wp--preset--spacing--60);padding-right:var(--wp--preset--spacing--30);padding-bottom:var(--wp--preset--spacing--60);padding-left:var(--wp--preset--spacing--30)\">\n<div class=\"wp-block-columns alignwide are-vertically-aligned-center is-layout-flex wp-container-core-columns-is-layout-47c06fe3 wp-block-columns-is-layout-flex\">\n<div class=\"wp-block-column is-vertically-aligned-center is-layout-flow wp-container-core-column-is-layout-f5bb311e wp-block-column-is-layout-flow\" style=\"flex-basis:50%\">\n<div class=\"wp-block-group has-global-padding is-layout-constrained wp-container-core-group-is-layout-279e0ccb wp-block-group-is-layout-constrained\">\n<figure class=\"wp-block-image alignfull is-style-default wp-duotone-unset-1\"><img loading=\"lazy\" decoding=\"async\" width=\"2560\" height=\"1439\" src=\"https:\/\/gefiont.eu\/wp-content\/uploads\/Profil-2024-1-edited-scaled.jpg\" alt=\"A photo of Gefion Thuermer. She is a woman in her forties with red, curly hair and black-framed glasses. She sits at a table outdoors, with an open laptop in front of her, and a green hedge behind her. She wears a grey suit jacket over a green shirt. She looks at at the camera with a considering view, while holsing one hand beneath her chin in a thinking gesture.\" class=\"wp-image-95\" srcset=\"https:\/\/gefiont.eu\/wp-content\/uploads\/Profil-2024-1-edited-scaled.jpg 2560w, https:\/\/gefiont.eu\/wp-content\/uploads\/Profil-2024-1-edited-300x169.jpg 300w, https:\/\/gefiont.eu\/wp-content\/uploads\/Profil-2024-1-edited-1024x576.jpg 1024w, https:\/\/gefiont.eu\/wp-content\/uploads\/Profil-2024-1-edited-768x432.jpg 768w, https:\/\/gefiont.eu\/wp-content\/uploads\/Profil-2024-1-edited-1536x864.jpg 1536w, https:\/\/gefiont.eu\/wp-content\/uploads\/Profil-2024-1-edited-2048x1151.jpg 2048w\" sizes=\"auto, (max-width: 2560px) 100vw, 2560px\" \/><\/figure>\n<\/div>\n<\/div>\n\n\n\n<div class=\"wp-block-column is-vertically-aligned-center is-layout-flow wp-block-column-is-layout-flow\" style=\"flex-basis:60%\">\n<h2 class=\"wp-block-heading has-large-font-size\">Dr. Gefion Thuermer<\/h2>\n\n\n\n<p style=\"margin-top:16px\">Neben einem Master of Science (MSc) und einem Doctor of Philosophy (PhD) in Web Science verf\u00fcge ich auch \u00fcber einen Bachelor of Arts (BA) in Kulturwissenschaften.<br><br>Als erfahrene und produktive F\u00f6rdermittelbewerberin habe ich an Antr\u00e4gen f\u00fcr verschiedene Programmen mitgewirkt, darunter Horizon 2020\/Europe und UKRI (UK Research and Innovation). Meine Erfolgsquote bei europ\u00e4ischen F\u00f6rderantr\u00e4gen liegt bei 20 % \u2013 mit bisher insgesamt 12 Millionen Euro an F\u00f6rdermitteln. Seit 2018 arbeite ich als freiberufliche Forschungsberaterin und biete Schulungen, Unterst\u00fctzung bei der Antragsentwicklung sowie projektbezogene Forschungsunterst\u00fctzung an.<\/p>\n\n\n\n<p style=\"margin-top:16px\">Ich nehme gerne Herausforderungen an, leite komplexe Projekte und analysiere Probleme, um innovative L\u00f6sungen zu finden. Ich scheue nicht davor zur\u00fcck, mich in neue Themen oder Bereiche zu vertiefen, um meine F\u00e4higkeiten und Erfahrungen in einem v\u00f6llig neuen Umfeld einzubringen.<\/p>\n\n\n\n<p>Ich bringe Erfahrung aus datenorientierten Projekten wie&nbsp;<a href=\"https:\/\/www.kcl.ac.uk\/research\/data-springboard\">Data Springboard<\/a>,&nbsp;<a href=\"https:\/\/mediafutures.eu\/\">MediaFutures<\/a>, und&nbsp;<a href=\"https:\/\/datapitch.eu\/\">Data Pitch<\/a>. Als Research Fellow am King's College London wirke ich derzeit als technische und wissenschaftliche Koordinatorin des&nbsp;<a href=\"https:\/\/impetus4cs.eu\/\">IMPETUS<\/a>&nbsp;-Projektes: Es unterst\u00fctzt B\u00fcrgerwissenschafts-Initiativen in ganz Europa mit Ressourcen, Hilfestellung und Anerkennung.<\/p>\n\n\n\n<p>In meiner Forschung habe ich stets interdisziplin\u00e4r, an der Grenze zwischen Sozialwissenschaften und Informatik gearbeitet, und auf integrierte qualitative und quantitative Methoden gesetzt. Was all meine akademischen Arbeiten verbindet, ist der Fokus auf Menschen, Daten und Technologie sowie der Wunsch, inklusive Teilhabe zu erm\u00f6glichen, wo immer Menschen Technologie nutzen, um gemeinsam Ziele zu erreichen. Ich bin besonders interessiert an partizipativer Forschung und Forschungsethik.<\/p>\n\n\n\n<p>Bevor ich in die Wissenschaft gewechselt habe, habe ich internationale Projekte und Prozesse in Partnerprogrammen f\u00fcr Technologieunternehmen geleitet. Au\u00dferdem habe ich mit Freiwilligen in einer 30.000 Mitglieder starken Partei in Deutschland gearbeitet, neue Strukturen und Prozesse entwickelt, und motivierte und zukunftsf\u00e4hige Teams aufgebaut.<\/p>\n\n\n\n<p style=\"margin-top:16px\"><a href=\"https:\/\/gefiont.eu\/de\/services\/\" title=\"\">Mehr \u00fcber meine Dienstleistungen und wie ich Ihre Arbeit unterst\u00fctzen kann, erfahren Sie hier.<\/a><\/p>\n<\/div>\n<\/div>\n<\/div>","protected":false},"excerpt":{"rendered":"<p>About me Dr Gefion Thuermer I hold a MSc and PhD in Web Science, and a BA in cultural sciences. As a prolific and experienced grant writer I have worked on a variety of funding schemes, including Horizon 2020\/Europe and UKRI (UK Research and Innovation). My success rate on European funding is 20% \u2013 with [&hellip;]<\/p>\n","protected":false},"author":1,"featured_media":0,"parent":0,"menu_order":0,"comment_status":"closed","ping_status":"closed","template":"no-title","meta":{"footnotes":""},"class_list":["post-15","page","type-page","status-publish","hentry"],"aioseo_notices":[],"jetpack_sharing_enabled":true,"_links":{"self":[{"href":"https:\/\/gefiont.eu\/de\/wp-json\/wp\/v2\/pages\/15","targetHints":{"allow":["GET"]}}],"collection":[{"href":"https:\/\/gefiont.eu\/de\/wp-json\/wp\/v2\/pages"}],"about":[{"href":"https:\/\/gefiont.eu\/de\/wp-json\/wp\/v2\/types\/page"}],"author":[{"embeddable":true,"href":"https:\/\/gefiont.eu\/de\/wp-json\/wp\/v2\/users\/1"}],"replies":[{"embeddable":true,"href":"https:\/\/gefiont.eu\/de\/wp-json\/wp\/v2\/comments?post=15"}],"version-history":[{"count":12,"href":"https:\/\/gefiont.eu\/de\/wp-json\/wp\/v2\/pages\/15\/revisions"}],"predecessor-version":[{"id":424,"href":"https:\/\/gefiont.eu\/de\/wp-json\/wp\/v2\/pages\/15\/revisions\/424"}],"wp:attachment":[{"href":"https:\/\/gefiont.eu\/de\/wp-json\/wp\/v2\/media?parent=15"}],"curies":[{"name":"wp","href":"https:\/\/api.w.org\/{rel}","templated":true}]}}