{"id":18,"date":"2025-02-08T13:36:19","date_gmt":"2025-02-08T13:36:19","guid":{"rendered":"https:\/\/gefiont.eu\/home\/"},"modified":"2025-04-24T09:06:06","modified_gmt":"2025-04-24T09:06:06","slug":"home","status":"publish","type":"page","link":"https:\/\/gefiont.eu\/de\/","title":{"rendered":"Herzlich willkommen"},"content":{"rendered":"<div class=\"wp-block-group alignfull has-foreground-background-color has-background has-global-padding is-layout-constrained wp-block-group-is-layout-constrained\" style=\"margin-top:0;margin-bottom:0;padding-top:0;padding-bottom:0\">\n<div class=\"wp-block-group alignwide has-global-padding is-layout-constrained wp-block-group-is-layout-constrained\" style=\"padding-top:var(--wp--preset--spacing--30);padding-bottom:var(--wp--preset--spacing--30)\">\n<h2 class=\"wp-block-heading alignwide\" style=\"font-size:clamp(27.894px, 1.743rem + ((1vw - 3.2px) * 2.094), 48px);line-height:1.1\"><strong><mark style=\"background-color:rgba(0, 0, 0, 0)\" class=\"has-inline-color has-background-color\">Ich unterst\u00fctze Ihre Forschungs- und Innovationsprojekte.<\/mark><\/strong><\/h2>\n<\/div>\n<\/div>\n\n\n\n<div class=\"wp-block-group alignfull has-background-background-color has-background has-global-padding is-layout-constrained wp-container-core-group-is-layout-ab92b0a4 wp-block-group-is-layout-constrained\" style=\"margin-top:0;margin-bottom:0;padding-top:var(--wp--preset--spacing--30);padding-right:var(--wp--preset--spacing--30);padding-bottom:var(--wp--preset--spacing--60);padding-left:var(--wp--preset--spacing--30)\">\n<div class=\"wp-block-columns alignwide are-vertically-aligned-center is-layout-flex wp-container-core-columns-is-layout-fa584acd wp-block-columns-is-layout-flex\">\n<div class=\"wp-block-column is-vertically-aligned-center is-layout-flow wp-block-column-is-layout-flow\" style=\"flex-basis:40%\">\n<div class=\"wp-block-group has-global-padding is-layout-constrained wp-block-group-is-layout-constrained\">\n<p class=\"has-text-align-left\">Ich bin eine Expertin f\u00fcr das Verfassen von F\u00f6rderantr\u00e4gen, und unabh\u00e4ngige Forschungsberaterin mit Schwerpunkt auf europ\u00e4ischer Forschungsf\u00f6rderung (z. B. Horizon Europe)<br><br>Ich kann Ihnen dabei helfen<\/p>\n\n\n\n<ul class=\"wp-block-list\">\n<li>F\u00f6rdermittel zu finden und zu beantragen,<\/li>\n\n\n\n<li>upskill your team in writing proposals or running projects, and<\/li>\n\n\n\n<li>deliver services for your projects.<br><\/li>\n<\/ul>\n\n\n\n<p class=\"has-text-align-left\" style=\"margin-top:16px\">Let\u2019s talk about what you need.<\/p>\n\n\n\n<div class=\"wp-block-buttons is-content-justification-center is-layout-flex wp-container-core-buttons-is-layout-6e21085f wp-block-buttons-is-layout-flex\" style=\"margin-top:var(--wp--preset--spacing--40)\">\n<div class=\"wp-block-button\"><a class=\"wp-block-button__link wp-element-button\" href=\"https:\/\/gefiont.eu\/de\/contact\/\">Buchen Sie noch heute eine kostenlose Beratung!<\/a><\/div>\n<\/div>\n<\/div>\n<\/div>\n\n\n\n<div class=\"wp-block-column is-vertically-aligned-center is-layout-flow wp-block-column-is-layout-flow\" style=\"flex-basis:50%\">\n<figure class=\"wp-block-image size-large is-style-default\"><img loading=\"lazy\" decoding=\"async\" width=\"1024\" height=\"951\" src=\"https:\/\/gefiont.eu\/wp-content\/uploads\/Business-2024-klein-1024x951.jpg\" alt=\"A photo of Dr Gefion Thuermer. She is a woman in her forties with red, curly hair and black-framed glasses. She is standing in front of a glass facade and leaning on a bannister with one elbow. She wears a grey suit over a green shirt, and smiles slightly at the camera.\" class=\"wp-image-72\" srcset=\"https:\/\/gefiont.eu\/wp-content\/uploads\/Business-2024-klein-1024x951.jpg 1024w, https:\/\/gefiont.eu\/wp-content\/uploads\/Business-2024-klein-300x279.jpg 300w, https:\/\/gefiont.eu\/wp-content\/uploads\/Business-2024-klein-768x713.jpg 768w, https:\/\/gefiont.eu\/wp-content\/uploads\/Business-2024-klein-1536x1427.jpg 1536w, https:\/\/gefiont.eu\/wp-content\/uploads\/Business-2024-klein.jpg 1840w\" sizes=\"auto, (max-width: 1024px) 100vw, 1024px\" \/><\/figure>\n<\/div>\n<\/div>\n<\/div>\n\n\n\n<div class=\"wp-block-group alignfull has-tertiary-background-color has-background has-global-padding is-layout-constrained wp-container-core-group-is-layout-9e97ed2a wp-block-group-is-layout-constrained\" id=\"about\" style=\"margin-top:0;margin-bottom:0;padding-top:var(--wp--preset--spacing--30);padding-right:var(--wp--preset--spacing--20);padding-bottom:var(--wp--preset--spacing--30);padding-left:var(--wp--preset--spacing--20)\">\n<div class=\"wp-block-group alignwide has-global-padding is-content-justification-center is-layout-constrained wp-container-core-group-is-layout-e417917a wp-block-group-is-layout-constrained\" style=\"margin-top:var(--wp--preset--spacing--20);margin-bottom:var(--wp--preset--spacing--20);padding-top:var(--wp--preset--spacing--20);padding-right:0;padding-bottom:var(--wp--preset--spacing--20);padding-left:0\">\n<h3 class=\"wp-block-heading has-text-align-center\" style=\"margin-top:12px\">Herausragende Leistungen in Forschung und Innovation<\/h3>\n\n\n\n<p class=\"has-text-align-center\" style=\"margin-top:16px\">Entdecken Sie meine Dienstleistungen f\u00fcr erfolgreiche F\u00f6rderantr\u00e4ge, und Spitzenleistungen in Forschung und Innovation.<\/p>\n<\/div>\n\n\n\n<div class=\"wp-block-columns alignwide is-layout-flex wp-container-core-columns-is-layout-5b525043 wp-block-columns-is-layout-flex\">\n<div class=\"wp-block-column is-layout-flow wp-block-column-is-layout-flow\">\n<div class=\"wp-block-group has-global-padding is-layout-constrained wp-container-core-group-is-layout-19e250f3 wp-block-group-is-layout-constrained\">\n<figure class=\"wp-block-image size-large has-custom-border ext-aspect-landscape is-style-default\"><a href=\"https:\/\/gefiont.eu\/de\/services\/#grants\"><img loading=\"lazy\" decoding=\"async\" width=\"1024\" height=\"683\" src=\"https:\/\/gefiont.eu\/wp-content\/uploads\/laptop-computer-writing-creative-technology-office-764684-pxhere.com_-1024x683.jpg\" alt=\"A photo of a notebook, lying open with a black pen on top, next to an open laptop. A smartphone can be seen in the background next to the laptop.\" class=\"wp-image-80\" style=\"border-top-left-radius:25rem;border-top-right-radius:25rem;aspect-ratio:3\/2;object-fit:cover\" srcset=\"https:\/\/gefiont.eu\/wp-content\/uploads\/laptop-computer-writing-creative-technology-office-764684-pxhere.com_-1024x683.jpg 1024w, https:\/\/gefiont.eu\/wp-content\/uploads\/laptop-computer-writing-creative-technology-office-764684-pxhere.com_-300x200.jpg 300w, https:\/\/gefiont.eu\/wp-content\/uploads\/laptop-computer-writing-creative-technology-office-764684-pxhere.com_-768x512.jpg 768w, https:\/\/gefiont.eu\/wp-content\/uploads\/laptop-computer-writing-creative-technology-office-764684-pxhere.com_-1536x1024.jpg 1536w, https:\/\/gefiont.eu\/wp-content\/uploads\/laptop-computer-writing-creative-technology-office-764684-pxhere.com_-2048x1365.jpg 2048w\" sizes=\"auto, (max-width: 1024px) 100vw, 1024px\" \/><\/a><\/figure>\n\n\n\n<h3 class=\"wp-block-heading has-text-align-center has-tertiary-background-color has-background\" style=\"padding-top:12px;padding-right:24px;padding-bottom:12px;padding-left:24px;font-size:clamp(14px, 0.875rem + ((1vw - 3.2px) * 0.625), 20px);line-height:1.5\"><a href=\"https:\/\/gefiont.eu\/de\/services\/#grants\" title=\"\">F\u00f6rderantr\u00e4ge schreiben<\/a><\/h3>\n<\/div>\n<\/div>\n\n\n\n<div class=\"wp-block-column is-layout-flow wp-block-column-is-layout-flow\">\n<div class=\"wp-block-group has-global-padding is-layout-constrained wp-container-core-group-is-layout-19e250f3 wp-block-group-is-layout-constrained\">\n<figure class=\"wp-block-image size-large has-custom-border ext-aspect-landscape\"><a href=\"https:\/\/gefiont.eu\/de\/services\/#trainings\"><img loading=\"lazy\" decoding=\"async\" width=\"1024\" height=\"683\" src=\"https:\/\/gefiont.eu\/wp-content\/uploads\/41611332_1779279285504396_3842220619936563200_o-1024x683.jpg\" alt=\"An image of a hand hovering over ordered snippets of paper. most of the snippets are blurry in the background. The readable ones in the foreground read &quot;Run Survey&quot;, &quot;Clean Survey Data&quot;, and &quot;Code Qualitative Data&quot;.\" class=\"wp-image-85\" style=\"border-top-left-radius:25rem;border-top-right-radius:25rem;aspect-ratio:3\/2;object-fit:cover\" srcset=\"https:\/\/gefiont.eu\/wp-content\/uploads\/41611332_1779279285504396_3842220619936563200_o-1024x683.jpg 1024w, https:\/\/gefiont.eu\/wp-content\/uploads\/41611332_1779279285504396_3842220619936563200_o-300x200.jpg 300w, https:\/\/gefiont.eu\/wp-content\/uploads\/41611332_1779279285504396_3842220619936563200_o-768x512.jpg 768w, https:\/\/gefiont.eu\/wp-content\/uploads\/41611332_1779279285504396_3842220619936563200_o-1536x1024.jpg 1536w, https:\/\/gefiont.eu\/wp-content\/uploads\/41611332_1779279285504396_3842220619936563200_o.jpg 1944w\" sizes=\"auto, (max-width: 1024px) 100vw, 1024px\" \/><\/a><\/figure>\n\n\n\n<h3 class=\"wp-block-heading has-text-align-center has-tertiary-background-color has-background\" style=\"padding-top:12px;padding-right:24px;padding-bottom:12px;padding-left:24px;font-size:clamp(14px, 0.875rem + ((1vw - 3.2px) * 0.625), 20px);line-height:1.5\"><a href=\"https:\/\/gefiont.eu\/de\/services\/#trainings\" title=\"\">Schulungen<\/a><\/h3>\n<\/div>\n<\/div>\n\n\n\n<div class=\"wp-block-column is-layout-flow wp-block-column-is-layout-flow\">\n<div class=\"wp-block-group has-global-padding is-layout-constrained wp-container-core-group-is-layout-19e250f3 wp-block-group-is-layout-constrained\">\n<figure class=\"wp-block-image size-large has-custom-border ext-aspect-landscape\"><a href=\"https:\/\/gefiont.eu\/de\/services\/#delivery\"><img loading=\"lazy\" decoding=\"async\" width=\"2560\" height=\"2560\" src=\"https:\/\/gefiont.eu\/wp-content\/uploads\/hand-creative-light-glowing-technology-sunlight-548225-pxhere.com_-edited-scaled.jpg\" alt=\"An image of a lit-up lightbulb (with no apparent power source) lying on a wooden surface.\" class=\"wp-image-83\" style=\"border-top-left-radius:25rem;border-top-right-radius:25rem;aspect-ratio:3\/2;object-fit:cover\" srcset=\"https:\/\/gefiont.eu\/wp-content\/uploads\/hand-creative-light-glowing-technology-sunlight-548225-pxhere.com_-edited-scaled.jpg 2560w, https:\/\/gefiont.eu\/wp-content\/uploads\/hand-creative-light-glowing-technology-sunlight-548225-pxhere.com_-edited-300x300.jpg 300w, https:\/\/gefiont.eu\/wp-content\/uploads\/hand-creative-light-glowing-technology-sunlight-548225-pxhere.com_-edited-1024x1024.jpg 1024w, https:\/\/gefiont.eu\/wp-content\/uploads\/hand-creative-light-glowing-technology-sunlight-548225-pxhere.com_-edited-150x150.jpg 150w, https:\/\/gefiont.eu\/wp-content\/uploads\/hand-creative-light-glowing-technology-sunlight-548225-pxhere.com_-edited-768x768.jpg 768w, https:\/\/gefiont.eu\/wp-content\/uploads\/hand-creative-light-glowing-technology-sunlight-548225-pxhere.com_-edited-1536x1536.jpg 1536w, https:\/\/gefiont.eu\/wp-content\/uploads\/hand-creative-light-glowing-technology-sunlight-548225-pxhere.com_-edited-2048x2048.jpg 2048w\" sizes=\"auto, (max-width: 2560px) 100vw, 2560px\" \/><\/a><\/figure>\n\n\n\n<h3 class=\"wp-block-heading has-text-align-center has-tertiary-background-color has-background\" style=\"padding-top:12px;padding-right:24px;padding-bottom:12px;padding-left:24px;font-size:clamp(14px, 0.875rem + ((1vw - 3.2px) * 0.625), 20px);line-height:1.5\"><a href=\"https:\/\/gefiont.eu\/de\/services\/#delivery\" title=\"\">Projektumsetzung<\/a><\/h3>\n<\/div>\n<\/div>\n<\/div>\n<\/div>\n\n\n\n<div class=\"wp-block-group alignfull has-background-background-color has-background has-global-padding is-layout-constrained wp-container-core-group-is-layout-9e97ed2a wp-block-group-is-layout-constrained\" id=\"testimonials\" style=\"margin-top:0;margin-bottom:0;padding-top:var(--wp--preset--spacing--30);padding-right:var(--wp--preset--spacing--20);padding-bottom:var(--wp--preset--spacing--30);padding-left:var(--wp--preset--spacing--20)\">\n<div class=\"wp-block-group alignwide has-global-padding is-content-justification-center is-layout-constrained wp-block-group-is-layout-constrained\">\n<h3 class=\"wp-block-heading has-text-align-center\" style=\"margin-top:12px\">Erfolgsgeschichten<\/h3>\n\n\n\n<p class=\"has-text-align-center\" style=\"margin-top:16px\">Entdecken Sie die Erfolgsgeschichten meiner Kunden und ihre Zufriedenheit mit meiner Beratung.<\/p>\n<\/div>\n\n\n\n<div class=\"wp-block-columns alignwide is-layout-flex wp-container-core-columns-is-layout-28f84493 wp-block-columns-is-layout-flex\">\n<div class=\"wp-block-column is-layout-flow wp-container-core-column-is-layout-8a368f38 wp-block-column-is-layout-flow\">\n<div class=\"wp-block-group has-background-background-color has-background has-global-padding is-layout-constrained wp-container-core-group-is-layout-f4cdaae3 wp-block-group-is-layout-constrained\" style=\"border-radius:20rem;padding-top:var(--wp--preset--spacing--70);padding-right:var(--wp--preset--spacing--40);padding-bottom:var(--wp--preset--spacing--70);padding-left:var(--wp--preset--spacing--40)\">\n<div class=\"wp-block-group is-vertical is-content-justification-center is-layout-flex wp-container-core-group-is-layout-a45d2cb9 wp-block-group-is-layout-flex\">\n<figure class=\"wp-block-image size-full is-resized is-style-rounded\"><img loading=\"lazy\" decoding=\"async\" width=\"200\" height=\"200\" src=\"https:\/\/gefiont.eu\/wp-content\/uploads\/1725220399888-1.jpg\" alt=\"A photo of Stefan Sindelar. He is wearing a white shirt and blue jacket, and smiles into the camera.\" class=\"wp-image-70\" style=\"width:149px;height:auto\" srcset=\"https:\/\/gefiont.eu\/wp-content\/uploads\/1725220399888-1.jpg 200w, https:\/\/gefiont.eu\/wp-content\/uploads\/1725220399888-1-150x150.jpg 150w\" sizes=\"auto, (max-width: 200px) 100vw, 200px\" \/><\/figure>\n\n\n\n<div class=\"wp-block-group has-global-padding is-layout-constrained wp-block-group-is-layout-constrained\">\n<h4 class=\"wp-block-heading has-text-align-center has-medium-font-size\">Stefan Sindelar<\/h4>\n\n\n\n<p class=\"has-text-align-center has-small-font-size\" style=\"margin-top:2px\">CEO<br>European Capital of Democracy<\/p>\n\n\n\n<p><strong>Grant writing service<\/strong><\/p>\n<\/div>\n<\/div>\n\n\n\n<p class=\"has-text-align-left has-small-font-size\">Nachdem wir mit Gefion an mehreren Ausschreibungen und Projektkonsortien gearbeitet hatten, suchte unsere gemeinn\u00fctzige Organisation \u201eEuropean Capital of Democracy\u201c nach Unterst\u00fctzung bei der Bew\u00e4ltigung eines CERV-CHAR-LITI-Antrags mit einem gro\u00dfen europ\u00e4ischen Konsortium.<br><br>Unter Zeitdruck leistete Gefion hervorragende Arbeit bei der Erstellung der Gliederung und verkn\u00fcpfte die Aktivit\u00e4ten und Leistungen unseres Projekts mit den erwarteten Auswirkungen und Ergebnissen der entsprechenden Ausschreibung. Dar\u00fcber hinaus gestaltete sie daen Rahmen f\u00fcr die Arbeitspakete und das Budget, und \u00fcberpr\u00fcfte die Einreichung auf Richtigkeit und Konsistenz.<br><br>Es ist eine Freude, sowohl beruflich als auch pers\u00f6nlich mit Gefion zusammenzuarbeiten, da sie immer gut gelaunt, l\u00f6sungsorientiert und auf den Punkt, und gleichzeitig \u00e4u\u00dferst zuverl\u00e4ssig und flexibel ist.<br><br>Ich kann die Zusammenarbeit mit ihr nur empfehlen, sei es als Mitwirkende, Expertin oder in einer F\u00fchrungsfunktion, da sie gut mit vielf\u00e4ltigen und entfernten Teams zusammenarbeitet.<\/p>\n<\/div>\n<\/div>\n\n\n\n<div class=\"wp-block-column is-layout-flow wp-block-column-is-layout-flow\">\n<div class=\"wp-block-group has-background-background-color has-background has-global-padding is-layout-constrained wp-container-core-group-is-layout-f4cdaae3 wp-block-group-is-layout-constrained\" style=\"border-radius:20rem;padding-top:var(--wp--preset--spacing--70);padding-right:var(--wp--preset--spacing--40);padding-bottom:var(--wp--preset--spacing--70);padding-left:var(--wp--preset--spacing--40)\">\n<div class=\"wp-block-group is-vertical is-content-justification-center is-layout-flex wp-container-core-group-is-layout-a45d2cb9 wp-block-group-is-layout-flex\">\n<figure class=\"wp-block-image size-full is-resized is-style-rounded\"><img loading=\"lazy\" decoding=\"async\" width=\"514\" height=\"600\" src=\"https:\/\/gefiont.eu\/wp-content\/uploads\/Profile_photo_placeholder_-_smooth_edges.svg_.png\" alt=\"A grey profile of a person's head and shoulders\" class=\"wp-image-280\" style=\"width:130px;height:auto\" srcset=\"https:\/\/gefiont.eu\/wp-content\/uploads\/Profile_photo_placeholder_-_smooth_edges.svg_.png 514w, https:\/\/gefiont.eu\/wp-content\/uploads\/Profile_photo_placeholder_-_smooth_edges.svg_-257x300.png 257w, https:\/\/gefiont.eu\/wp-content\/uploads\/Profile_photo_placeholder_-_smooth_edges.svg_-10x12.png 10w\" sizes=\"auto, (max-width: 514px) 100vw, 514px\" \/><\/figure>\n\n\n\n<div class=\"wp-block-group has-global-padding is-layout-constrained wp-block-group-is-layout-constrained\">\n<h4 class=\"wp-block-heading has-text-align-center has-medium-font-size\">Dr Ben Webster<\/h4>\n\n\n\n<p class=\"has-text-align-center has-small-font-size\" style=\"margin-top:2px\">Doctoral Student Development Officer<br>King&#8217;s College London<\/p>\n\n\n\n<p><strong>Training course: <\/strong><em>Completing your PhD on time, on budget and under control<\/em><\/p>\n\n\n\n<p class=\"has-text-align-left has-small-font-size\">Gefion is a well organised and thoughtful facilitator, and it\u2019s been a pleasure working with her over the past couple of years. Our doctoral students have really valued Gefion\u2019s detailed approach and, with every course she runs, you can tell that they really care about ensuring the students get the most out of the course &#8211; students always leave with positive feedback after the session.<\/p>\n<\/div>\n<\/div>\n<\/div>\n<\/div>\n\n\n\n<div class=\"wp-block-column is-layout-flow wp-block-column-is-layout-flow\">\n<div class=\"wp-block-group has-background-background-color has-background has-global-padding is-layout-constrained wp-container-core-group-is-layout-f4cdaae3 wp-block-group-is-layout-constrained\" style=\"border-radius:20rem;padding-top:var(--wp--preset--spacing--70);padding-right:var(--wp--preset--spacing--40);padding-bottom:var(--wp--preset--spacing--70);padding-left:var(--wp--preset--spacing--40)\">\n<div class=\"wp-block-group is-vertical is-content-justification-center is-layout-flex wp-container-core-group-is-layout-a45d2cb9 wp-block-group-is-layout-flex\">\n<figure class=\"wp-block-image size-full is-resized is-style-rounded\"><img loading=\"lazy\" decoding=\"async\" width=\"514\" height=\"600\" src=\"https:\/\/gefiont.eu\/wp-content\/uploads\/Profile_photo_placeholder_-_smooth_edges.svg_.png\" alt=\"A grey profile of a person's head and shoulders\" class=\"wp-image-280\" style=\"width:129px;height:auto\" srcset=\"https:\/\/gefiont.eu\/wp-content\/uploads\/Profile_photo_placeholder_-_smooth_edges.svg_.png 514w, https:\/\/gefiont.eu\/wp-content\/uploads\/Profile_photo_placeholder_-_smooth_edges.svg_-257x300.png 257w, https:\/\/gefiont.eu\/wp-content\/uploads\/Profile_photo_placeholder_-_smooth_edges.svg_-10x12.png 10w\" sizes=\"auto, (max-width: 514px) 100vw, 514px\" \/><\/figure>\n\n\n\n<div class=\"wp-block-group has-global-padding is-layout-constrained wp-block-group-is-layout-constrained\">\n<h4 class=\"wp-block-heading has-text-align-center has-medium-font-size\"><\/h4>\n\n\n\n<p class=\"has-text-align-center has-small-font-size\" style=\"margin-top:2px\"><\/p>\n\n\n\n<p><strong>Project delivery<\/strong><\/p>\n<\/div>\n<\/div>\n<\/div>\n<\/div>\n<\/div>\n<\/div>\n\n\n\n<p><\/p>","protected":false},"excerpt":{"rendered":"<p>Let me help you succeed in research and innovation. I am an expert grant writer, trainer, and research consultant, with a focus on European funding streams (e.g. Horizon Europe). I can help you Let\u2019s talk about what you need. Excel in Research and Innovation Explore my services for grant success, fostering excellence and innovation. Grant [&hellip;]<\/p>\n","protected":false},"author":1,"featured_media":0,"parent":0,"menu_order":0,"comment_status":"closed","ping_status":"closed","template":"no-title","meta":{"footnotes":""},"class_list":["post-18","page","type-page","status-publish","hentry"],"aioseo_notices":[],"jetpack_sharing_enabled":true,"_links":{"self":[{"href":"https:\/\/gefiont.eu\/de\/wp-json\/wp\/v2\/pages\/18","targetHints":{"allow":["GET"]}}],"collection":[{"href":"https:\/\/gefiont.eu\/de\/wp-json\/wp\/v2\/pages"}],"about":[{"href":"https:\/\/gefiont.eu\/de\/wp-json\/wp\/v2\/types\/page"}],"author":[{"embeddable":true,"href":"https:\/\/gefiont.eu\/de\/wp-json\/wp\/v2\/users\/1"}],"replies":[{"embeddable":true,"href":"https:\/\/gefiont.eu\/de\/wp-json\/wp\/v2\/comments?post=18"}],"version-history":[{"count":49,"href":"https:\/\/gefiont.eu\/de\/wp-json\/wp\/v2\/pages\/18\/revisions"}],"predecessor-version":[{"id":415,"href":"https:\/\/gefiont.eu\/de\/wp-json\/wp\/v2\/pages\/18\/revisions\/415"}],"wp:attachment":[{"href":"https:\/\/gefiont.eu\/de\/wp-json\/wp\/v2\/media?parent=18"}],"curies":[{"name":"wp","href":"https:\/\/api.w.org\/{rel}","templated":true}]}}